{"id":279,"date":"2023-02-23T11:00:00","date_gmt":"2023-02-23T11:00:00","guid":{"rendered":"http:\/\/jf-holding.de\/?page_id=279"},"modified":"2025-05-14T08:18:07","modified_gmt":"2025-05-14T08:18:07","slug":"impressum","status":"publish","type":"page","link":"https:\/\/jf-holding.de\/en\/impressum\/","title":{"rendered":"Imprint"},"content":{"rendered":"<div data-elementor-type=\"wp-page\" data-elementor-id=\"279\" class=\"elementor elementor-279\">\n\t\t\t\t<div class=\"elementor-element elementor-element-b762f8d e-flex e-con-boxed e-con e-parent\" data-id=\"b762f8d\" data-element_type=\"container\">\n\t\t\t\t\t<div class=\"e-con-inner\">\n\t\t\t\t<div class=\"elementor-element elementor-element-4507981 elementor-widget elementor-widget-heading\" data-id=\"4507981\" data-element_type=\"widget\" data-widget_type=\"heading.default\">\n\t\t\t\t<div class=\"elementor-widget-container\">\n\t\t\t\t\t<h1 class=\"elementor-heading-title elementor-size-default\">Imprint<\/h1>\t\t\t\t<\/div>\n\t\t\t\t<\/div>\n\t\t\t\t<div class=\"elementor-element elementor-element-d334a93 elementor-widget elementor-widget-text-editor\" data-id=\"d334a93\" data-element_type=\"widget\" data-widget_type=\"text-editor.default\">\n\t\t\t\t<div class=\"elementor-widget-container\">\n\t\t\t\t\t\t\t\t\t<p>Betreiber der Internetseite \u00a0<a href=\"http:\/\/www.jf-holding.de%20%0d\">www.jf-holding.de <\/a>ist die JF Holding Invest GmbH<\/p><p>Augsburger Stra\u00dfe 20<br \/>10789 Berlin<br \/>Telefon: +49 30 20965279-0<br \/>Email: <a href=\"mailto:info@jf-holding.de\">info@jf-holding.de<\/a><br \/>Internet: <a href=\"http:\/\/www.jf-holding.de%20%0d\">www.jf-holding.de <\/a><\/p><p>Handelsregister<br \/>Amtsgericht Berlin Charlottenburg<br \/>Registernummer: HRB 220451B<\/p><p>Vertretungsberechtigte Gesch\u00e4ftsf\u00fchrer: Frank Schulze<\/p><p>Zust\u00e4ndige Berufsaufsichtsbeh\u00f6rde:<br \/>Bezirksamt Steglitz-Zehlendorf von Berlin<br \/>Ordnungsamt &#8211; ZAB\/Gewerbe Unter den Eichen 1<br \/>12203 Berlin<\/p><p>Dieses Impressum gilt auch f\u00fcr die Facebookseite <a href=\"https:\/\/www.facebook.com\/people\/JF-Holding-Invest-GmbH\/100089196472402\/\">JF Holding Invest GmbH | Berlin | Facebook<\/a> und auf Instagram @jf_holding_<\/p><p>Informationspflicht nach Verbraucherstreitbeilegungsgesetz (VSBG)<\/p><p>Die JF Consulting Real Estate GmbH ist freiwillig bereit, an dem Streitbeilegungsverfahren laut Verbraucherstreitbeilegungsgesetz (VSBG) teilzunehmen. Die zust\u00e4ndige Schlichtungsstelle ist die Allgemeine Verbraucherschlichtungsstelle des Zentrums f\u00fcr Schlichtung e.V., Stra\u00dfburger Stra\u00dfe 8, 77694 Kehl am Rhein, <a href=\"https:\/\/www.verbraucher-schlichter.de\">https:\/\/www.verbraucher-schlichter.de<\/a>.<\/p><p>Verbraucherinformationen zur alternativen Streitschlichtung gem\u00e4\u00df der Verordnung (EU) Nr. 524\/2013:<\/p><p>Die Internetplattform der Europ\u00e4ischen Union zur Online-Streitbeilegung (sog. \u201eOS-Plattform\u201c) f\u00fcr Verbraucher ist unter dem folgendem Link erreichbar: <a href=\"http:\/\/ec.europa.eu\/consumers\/odr\/\">http:\/\/ec.europa.eu\/consumers\/odr\/<\/a><\/p>\t\t\t\t\t\t\t\t<\/div>\n\t\t\t\t<\/div>\n\t\t\t\t\t<\/div>\n\t\t\t\t<\/div>\n\t\t\t\t<\/div>","protected":false},"excerpt":{"rendered":"<p>Betreiber der Internetseite \u00a0www.jf-holding.de ist die JF Holding Invest GmbH Augsburger Stra\u00dfe 2010789 BerlinTelefon: +49 30 20965279-0E-Mail: info@jf-holding.deInternet: www.jf-holding.de HandelsregisterAmtsgericht Berlin CharlottenburgRegisternummer: HRB 220451B Vertretungsberechtigte Gesch\u00e4ftsf\u00fchrer: Frank Schulze Zust\u00e4ndige Berufsaufsichtsbeh\u00f6rde:Bezirksamt Steglitz-Zehlendorf von BerlinOrdnungsamt &#8211; ZAB\/Gewerbe Unter den Eichen 112203 Berlin Dieses Impressum gilt auch f\u00fcr die Facebookseite JF Holding Invest GmbH | Berlin | Facebook [&hellip;]<\/p>","protected":false},"author":3,"featured_media":0,"parent":0,"menu_order":0,"comment_status":"closed","ping_status":"closed","template":"","meta":{"footnotes":""},"class_list":["post-279","page","type-page","status-publish","hentry"],"_links":{"self":[{"href":"https:\/\/jf-holding.de\/en\/wp-json\/wp\/v2\/pages\/279","targetHints":{"allow":["GET"]}}],"collection":[{"href":"https:\/\/jf-holding.de\/en\/wp-json\/wp\/v2\/pages"}],"about":[{"href":"https:\/\/jf-holding.de\/en\/wp-json\/wp\/v2\/types\/page"}],"author":[{"embeddable":true,"href":"https:\/\/jf-holding.de\/en\/wp-json\/wp\/v2\/users\/3"}],"replies":[{"embeddable":true,"href":"https:\/\/jf-holding.de\/en\/wp-json\/wp\/v2\/comments?post=279"}],"version-history":[{"count":25,"href":"https:\/\/jf-holding.de\/en\/wp-json\/wp\/v2\/pages\/279\/revisions"}],"predecessor-version":[{"id":850,"href":"https:\/\/jf-holding.de\/en\/wp-json\/wp\/v2\/pages\/279\/revisions\/850"}],"wp:attachment":[{"href":"https:\/\/jf-holding.de\/en\/wp-json\/wp\/v2\/media?parent=279"}],"curies":[{"name":"wp","href":"https:\/\/api.w.org\/{rel}","templated":true}]}}