{"id":31,"date":"2023-02-20T11:14:00","date_gmt":"2023-02-20T11:14:00","guid":{"rendered":"http:\/\/jf-holding.de\/?page_id=31"},"modified":"2025-05-23T10:54:04","modified_gmt":"2025-05-23T10:54:04","slug":"home","status":"publish","type":"page","link":"https:\/\/jf-holding.de\/en\/","title":{"rendered":"Home"},"content":{"rendered":"<div data-elementor-type=\"wp-page\" data-elementor-id=\"31\" class=\"elementor elementor-31\">\n\t\t\t\t<div class=\"elementor-element elementor-element-c4d2a00 e-flex e-con-boxed e-con e-parent\" data-id=\"c4d2a00\" data-element_type=\"container\" data-settings=\"{&quot;background_background&quot;:&quot;classic&quot;}\">\n\t\t\t\t\t<div class=\"e-con-inner\">\n\t\t\t\t<div class=\"elementor-element elementor-element-578c1fe elementor-invisible elementor-widget elementor-widget-heading\" data-id=\"578c1fe\" data-element_type=\"widget\" data-settings=\"{&quot;_animation&quot;:&quot;fadeInUp&quot;}\" data-widget_type=\"heading.default\">\n\t\t\t\t<div class=\"elementor-widget-container\">\n\t\t\t\t\t<h2 class=\"elementor-heading-title elementor-size-default\">INVESTMENTS &amp; BETEILIGUNGEN\nSIND UNSERE WELT<\/h2>\t\t\t\t<\/div>\n\t\t\t\t<\/div>\n\t\t\t\t<div class=\"elementor-element elementor-element-0c8f183 elementor-invisible elementor-widget elementor-widget-button\" data-id=\"0c8f183\" data-element_type=\"widget\" data-settings=\"{&quot;_animation&quot;:&quot;fadeInDown&quot;}\" data-widget_type=\"button.default\">\n\t\t\t\t<div class=\"elementor-widget-container\">\n\t\t\t\t\t\t\t\t\t<div class=\"elementor-button-wrapper\">\n\t\t\t\t\t<a class=\"elementor-button elementor-button-link elementor-size-sm\" href=\"http:\/\/jf-holding.de\/en\/anfrage\/\">\n\t\t\t\t\t\t<span class=\"elementor-button-content-wrapper\">\n\t\t\t\t\t\t\t\t\t<span class=\"elementor-button-text\">INQUIRY<\/span>\n\t\t\t\t\t<\/span>\n\t\t\t\t\t<\/a>\n\t\t\t\t<\/div>\n\t\t\t\t\t\t\t\t<\/div>\n\t\t\t\t<\/div>\n\t\t\t\t\t<\/div>\n\t\t\t\t<\/div>\n\t\t<div class=\"elementor-element elementor-element-8aee863 e-flex e-con-boxed e-con e-parent\" data-id=\"8aee863\" data-element_type=\"container\">\n\t\t\t\t\t<div class=\"e-con-inner\">\n\t\t<div class=\"elementor-element elementor-element-5baf428 e-con-full e-flex elementor-invisible e-con e-child\" data-id=\"5baf428\" data-element_type=\"container\" data-settings=\"{&quot;animation&quot;:&quot;fadeInLeft&quot;}\">\n\t\t<div class=\"elementor-element elementor-element-1fd5bb4 e-con-full e-flex e-con e-child\" data-id=\"1fd5bb4\" data-element_type=\"container\">\n\t\t\t\t<div class=\"elementor-element elementor-element-dd9c82a elementor-widget elementor-widget-image\" data-id=\"dd9c82a\" data-element_type=\"widget\" data-widget_type=\"image.default\">\n\t\t\t\t<div class=\"elementor-widget-container\">\n\t\t\t\t\t\t\t\t\t\t\t\t\t\t\t<img decoding=\"async\" width=\"94\" height=\"94\" src=\"https:\/\/jf-holding.de\/wp-content\/uploads\/2023\/02\/JF-Holding-Invest_Bildmarke.png\" class=\"attachment-large size-large wp-image-617\" alt=\"\" srcset=\"https:\/\/jf-holding.de\/wp-content\/uploads\/2023\/02\/JF-Holding-Invest_Bildmarke.png 94w, https:\/\/jf-holding.de\/wp-content\/uploads\/2023\/02\/JF-Holding-Invest_Bildmarke-12x12.png 12w\" sizes=\"(max-width: 94px) 100vw, 94px\" \/>\t\t\t\t\t\t\t\t\t\t\t\t\t\t\t<\/div>\n\t\t\t\t<\/div>\n\t\t\t\t<div class=\"elementor-element elementor-element-03db8e5 elementor-widget elementor-widget-heading\" data-id=\"03db8e5\" data-element_type=\"widget\" data-widget_type=\"heading.default\">\n\t\t\t\t<div class=\"elementor-widget-container\">\n\t\t\t\t\t<h2 class=\"elementor-heading-title elementor-size-default\">Enthusiasm has a name<\/h2>\t\t\t\t<\/div>\n\t\t\t\t<\/div>\n\t\t\t\t<\/div>\n\t\t\t\t<div class=\"elementor-element elementor-element-ae661d9 elementor-widget elementor-widget-text-editor\" data-id=\"ae661d9\" data-element_type=\"widget\" data-widget_type=\"text-editor.default\">\n\t\t\t\t<div class=\"elementor-widget-container\">\n\t\t\t\t\t\t\t\t\t<p>We hold equity interest and make investments in companies at all stages of their life cycles. We invest in an opportunity-oriented manner \u2013 independent of sector and business model. We invest either together with solid and reputable investors or from our own capital base.<\/p>\t\t\t\t\t\t\t\t<\/div>\n\t\t\t\t<\/div>\n\t\t\t\t<div class=\"elementor-element elementor-element-7b3c6d7 elementor-mobile-align-center elementor-widget elementor-widget-button\" data-id=\"7b3c6d7\" data-element_type=\"widget\" data-widget_type=\"button.default\">\n\t\t\t\t<div class=\"elementor-widget-container\">\n\t\t\t\t\t\t\t\t\t<div class=\"elementor-button-wrapper\">\n\t\t\t\t\t<a class=\"elementor-button elementor-button-link elementor-size-sm\" href=\"http:\/\/jf-holding.de\/en\/portfolio\/\">\n\t\t\t\t\t\t<span class=\"elementor-button-content-wrapper\">\n\t\t\t\t\t\t\t\t\t<span class=\"elementor-button-text\">PORTFOLIO<\/span>\n\t\t\t\t\t<\/span>\n\t\t\t\t\t<\/a>\n\t\t\t\t<\/div>\n\t\t\t\t\t\t\t\t<\/div>\n\t\t\t\t<\/div>\n\t\t\t\t<\/div>\n\t\t\t\t<div class=\"elementor-element elementor-element-02eb227 elementor-widget__width-initial elementor-widget-mobile__width-inherit elementor-invisible elementor-widget elementor-widget-image\" data-id=\"02eb227\" data-element_type=\"widget\" data-settings=\"{&quot;_animation&quot;:&quot;fadeInRight&quot;}\" data-widget_type=\"image.default\">\n\t\t\t\t<div class=\"elementor-widget-container\">\n\t\t\t\t\t\t\t\t\t\t\t\t\t\t\t<img fetchpriority=\"high\" decoding=\"async\" width=\"768\" height=\"512\" src=\"https:\/\/jf-holding.de\/wp-content\/uploads\/2025\/05\/DSC02655-Bearbeitet-Bearbeitet-Kopie-768x512.webp\" class=\"attachment-medium_large size-medium_large wp-image-858\" alt=\"\" srcset=\"https:\/\/jf-holding.de\/wp-content\/uploads\/2025\/05\/DSC02655-Bearbeitet-Bearbeitet-Kopie-768x512.webp 768w, https:\/\/jf-holding.de\/wp-content\/uploads\/2025\/05\/DSC02655-Bearbeitet-Bearbeitet-Kopie-300x200.webp 300w, https:\/\/jf-holding.de\/wp-content\/uploads\/2025\/05\/DSC02655-Bearbeitet-Bearbeitet-Kopie-1024x683.webp 1024w, https:\/\/jf-holding.de\/wp-content\/uploads\/2025\/05\/DSC02655-Bearbeitet-Bearbeitet-Kopie-1536x1024.webp 1536w, https:\/\/jf-holding.de\/wp-content\/uploads\/2025\/05\/DSC02655-Bearbeitet-Bearbeitet-Kopie-2048x1365.webp 2048w, https:\/\/jf-holding.de\/wp-content\/uploads\/2025\/05\/DSC02655-Bearbeitet-Bearbeitet-Kopie-18x12.webp 18w\" sizes=\"(max-width: 768px) 100vw, 768px\" \/>\t\t\t\t\t\t\t\t\t\t\t\t\t\t\t<\/div>\n\t\t\t\t<\/div>\n\t\t\t\t\t<\/div>\n\t\t\t\t<\/div>\n\t\t<div class=\"elementor-element elementor-element-646f45f e-flex e-con-boxed e-con e-parent\" data-id=\"646f45f\" data-element_type=\"container\">\n\t\t\t\t\t<div class=\"e-con-inner\">\n\t\t\t\t<div class=\"elementor-element elementor-element-47de11a elementor-widget__width-initial elementor-hidden-tablet elementor-hidden-mobile elementor-invisible elementor-widget elementor-widget-heading\" data-id=\"47de11a\" data-element_type=\"widget\" data-settings=\"{&quot;_animation&quot;:&quot;fadeInLeft&quot;}\" data-widget_type=\"heading.default\">\n\t\t\t\t<div class=\"elementor-widget-container\">\n\t\t\t\t\t<h2 class=\"elementor-heading-title elementor-size-default\">WHAT WE STAND FOR<\/h2>\t\t\t\t<\/div>\n\t\t\t\t<\/div>\n\t\t<div class=\"elementor-element elementor-element-89881a0 e-flex e-con-boxed e-con e-child\" data-id=\"89881a0\" data-element_type=\"container\">\n\t\t\t\t\t<div class=\"e-con-inner\">\n\t\t<div class=\"elementor-element elementor-element-5b94943 e-flex e-con-boxed elementor-invisible e-con e-child\" data-id=\"5b94943\" data-element_type=\"container\" data-settings=\"{&quot;animation&quot;:&quot;fadeInLeft&quot;}\">\n\t\t\t\t\t<div class=\"e-con-inner\">\n\t\t\t\t<div class=\"elementor-element elementor-element-5399df0 elementor-widget elementor-widget-image\" data-id=\"5399df0\" data-element_type=\"widget\" data-widget_type=\"image.default\">\n\t\t\t\t<div class=\"elementor-widget-container\">\n\t\t\t\t\t\t\t\t\t\t\t\t\t\t\t<img decoding=\"async\" width=\"800\" height=\"800\" src=\"https:\/\/jf-holding.de\/wp-content\/uploads\/2023\/03\/17-1024x1024.png\" class=\"attachment-large size-large wp-image-649\" alt=\"\" srcset=\"https:\/\/jf-holding.de\/wp-content\/uploads\/2023\/03\/17-1024x1024.png 1024w, https:\/\/jf-holding.de\/wp-content\/uploads\/2023\/03\/17-300x300.png 300w, https:\/\/jf-holding.de\/wp-content\/uploads\/2023\/03\/17-150x150.png 150w, https:\/\/jf-holding.de\/wp-content\/uploads\/2023\/03\/17-768x768.png 768w, https:\/\/jf-holding.de\/wp-content\/uploads\/2023\/03\/17-12x12.png 12w, https:\/\/jf-holding.de\/wp-content\/uploads\/2023\/03\/17.png 1080w\" sizes=\"(max-width: 800px) 100vw, 800px\" \/>\t\t\t\t\t\t\t\t\t\t\t\t\t\t\t<\/div>\n\t\t\t\t<\/div>\n\t\t\t\t<div class=\"elementor-element elementor-element-519d18b elementor-widget elementor-widget-heading\" data-id=\"519d18b\" data-element_type=\"widget\" data-widget_type=\"heading.default\">\n\t\t\t\t<div class=\"elementor-widget-container\">\n\t\t\t\t\t<h2 class=\"elementor-heading-title elementor-size-default\">Vision<\/h2>\t\t\t\t<\/div>\n\t\t\t\t<\/div>\n\t\t\t\t<div class=\"elementor-element elementor-element-c593638 elementor-widget elementor-widget-text-editor\" data-id=\"c593638\" data-element_type=\"widget\" data-widget_type=\"text-editor.default\">\n\t\t\t\t<div class=\"elementor-widget-container\">\n\t\t\t\t\t\t\t\t\t<p>Together to the top \u2013 that is our vision, which stands above everything else for us. In order to achieve this, we cultivate a strong corporate culture, characterised by trusting cooperation and sustainable action.<\/p>\t\t\t\t\t\t\t\t<\/div>\n\t\t\t\t<\/div>\n\t\t\t\t\t<\/div>\n\t\t\t\t<\/div>\n\t\t<div class=\"elementor-element elementor-element-38dded5 e-flex e-con-boxed elementor-invisible e-con e-child\" data-id=\"38dded5\" data-element_type=\"container\" data-settings=\"{&quot;animation&quot;:&quot;fadeInDown&quot;}\">\n\t\t\t\t\t<div class=\"e-con-inner\">\n\t\t\t\t<div class=\"elementor-element elementor-element-52ab6b5 elementor-widget elementor-widget-image\" data-id=\"52ab6b5\" data-element_type=\"widget\" data-widget_type=\"image.default\">\n\t\t\t\t<div class=\"elementor-widget-container\">\n\t\t\t\t\t\t\t\t\t\t\t\t\t\t\t<img loading=\"lazy\" decoding=\"async\" width=\"800\" height=\"800\" src=\"https:\/\/jf-holding.de\/wp-content\/uploads\/2023\/03\/18-1024x1024.png\" class=\"attachment-large size-large wp-image-650\" alt=\"\" srcset=\"https:\/\/jf-holding.de\/wp-content\/uploads\/2023\/03\/18-1024x1024.png 1024w, https:\/\/jf-holding.de\/wp-content\/uploads\/2023\/03\/18-300x300.png 300w, https:\/\/jf-holding.de\/wp-content\/uploads\/2023\/03\/18-150x150.png 150w, https:\/\/jf-holding.de\/wp-content\/uploads\/2023\/03\/18-768x768.png 768w, https:\/\/jf-holding.de\/wp-content\/uploads\/2023\/03\/18-12x12.png 12w, https:\/\/jf-holding.de\/wp-content\/uploads\/2023\/03\/18.png 1080w\" sizes=\"(max-width: 800px) 100vw, 800px\" \/>\t\t\t\t\t\t\t\t\t\t\t\t\t\t\t<\/div>\n\t\t\t\t<\/div>\n\t\t\t\t<div class=\"elementor-element elementor-element-c151935 elementor-widget elementor-widget-heading\" data-id=\"c151935\" data-element_type=\"widget\" data-widget_type=\"heading.default\">\n\t\t\t\t<div class=\"elementor-widget-container\">\n\t\t\t\t\t<h2 class=\"elementor-heading-title elementor-size-default\">Expertise<\/h2>\t\t\t\t<\/div>\n\t\t\t\t<\/div>\n\t\t\t\t<div class=\"elementor-element elementor-element-7a0a09d elementor-widget elementor-widget-text-editor\" data-id=\"7a0a09d\" data-element_type=\"widget\" data-widget_type=\"text-editor.default\">\n\t\t\t\t<div class=\"elementor-widget-container\">\n\t\t\t\t\t\t\t\t\t<p>We have created an environment that enables employees and partners to succeed in the long term. We offer our employees the opportunity for targeted and structured development throughout their career.<\/p>\t\t\t\t\t\t\t\t<\/div>\n\t\t\t\t<\/div>\n\t\t\t\t\t<\/div>\n\t\t\t\t<\/div>\n\t\t<div class=\"elementor-element elementor-element-509b53d e-flex e-con-boxed elementor-invisible e-con e-child\" data-id=\"509b53d\" data-element_type=\"container\" data-settings=\"{&quot;animation&quot;:&quot;fadeInRight&quot;}\">\n\t\t\t\t\t<div class=\"e-con-inner\">\n\t\t\t\t<div class=\"elementor-element elementor-element-dcae1fe elementor-widget elementor-widget-image\" data-id=\"dcae1fe\" data-element_type=\"widget\" data-widget_type=\"image.default\">\n\t\t\t\t<div class=\"elementor-widget-container\">\n\t\t\t\t\t\t\t\t\t\t\t\t\t\t\t<img loading=\"lazy\" decoding=\"async\" width=\"800\" height=\"800\" src=\"https:\/\/jf-holding.de\/wp-content\/uploads\/2023\/03\/19-1024x1024.png\" class=\"attachment-large size-large wp-image-651\" alt=\"\" srcset=\"https:\/\/jf-holding.de\/wp-content\/uploads\/2023\/03\/19-1024x1024.png 1024w, https:\/\/jf-holding.de\/wp-content\/uploads\/2023\/03\/19-300x300.png 300w, https:\/\/jf-holding.de\/wp-content\/uploads\/2023\/03\/19-150x150.png 150w, https:\/\/jf-holding.de\/wp-content\/uploads\/2023\/03\/19-768x768.png 768w, https:\/\/jf-holding.de\/wp-content\/uploads\/2023\/03\/19-12x12.png 12w, https:\/\/jf-holding.de\/wp-content\/uploads\/2023\/03\/19.png 1080w\" sizes=\"(max-width: 800px) 100vw, 800px\" \/>\t\t\t\t\t\t\t\t\t\t\t\t\t\t\t<\/div>\n\t\t\t\t<\/div>\n\t\t\t\t<div class=\"elementor-element elementor-element-9912882 elementor-widget elementor-widget-heading\" data-id=\"9912882\" data-element_type=\"widget\" data-widget_type=\"heading.default\">\n\t\t\t\t<div class=\"elementor-widget-container\">\n\t\t\t\t\t<h2 class=\"elementor-heading-title elementor-size-default\">Stability<\/h2>\t\t\t\t<\/div>\n\t\t\t\t<\/div>\n\t\t\t\t<div class=\"elementor-element elementor-element-d9bc793 elementor-widget elementor-widget-text-editor\" data-id=\"d9bc793\" data-element_type=\"widget\" data-widget_type=\"text-editor.default\">\n\t\t\t\t<div class=\"elementor-widget-container\">\n\t\t\t\t\t\t\t\t\t<p>We cultivate a strong corporate culture and a good spirit driven by loyal employees and partners.<\/p>\t\t\t\t\t\t\t\t<\/div>\n\t\t\t\t<\/div>\n\t\t\t\t\t<\/div>\n\t\t\t\t<\/div>\n\t\t\t\t\t<\/div>\n\t\t\t\t<\/div>\n\t\t\t\t\t<\/div>\n\t\t\t\t<\/div>\n\t\t\t\t<\/div>","protected":false},"excerpt":{"rendered":"<p>INVESTMENTS &#038; BETEILIGUNGEN SIND UNSERE WELT ANFRAGE Enthusiasm has a name Wir halten Beteiligungen und t\u00e4tigen Investments in Unternehmen zu allen Phasen der Lebenszyklen. Wir investieren chancenorientiert, branchen- und gesch\u00e4ftsmodellunabh\u00e4ngig. Wir investieren entweder gemeinsam mit soliden und seri\u00f6sen Investoren oder aus unserem eigenen Kapitalstamm. PORTFOLIO DAF\u00dcR STEHEN WIR Vision Gemeinsam an die Spitze \u2013 das [&hellip;]<\/p>","protected":false},"author":3,"featured_media":0,"parent":0,"menu_order":0,"comment_status":"closed","ping_status":"closed","template":"","meta":{"footnotes":""},"class_list":["post-31","page","type-page","status-publish","hentry"],"_links":{"self":[{"href":"https:\/\/jf-holding.de\/en\/wp-json\/wp\/v2\/pages\/31","targetHints":{"allow":["GET"]}}],"collection":[{"href":"https:\/\/jf-holding.de\/en\/wp-json\/wp\/v2\/pages"}],"about":[{"href":"https:\/\/jf-holding.de\/en\/wp-json\/wp\/v2\/types\/page"}],"author":[{"embeddable":true,"href":"https:\/\/jf-holding.de\/en\/wp-json\/wp\/v2\/users\/3"}],"replies":[{"embeddable":true,"href":"https:\/\/jf-holding.de\/en\/wp-json\/wp\/v2\/comments?post=31"}],"version-history":[{"count":70,"href":"https:\/\/jf-holding.de\/en\/wp-json\/wp\/v2\/pages\/31\/revisions"}],"predecessor-version":[{"id":861,"href":"https:\/\/jf-holding.de\/en\/wp-json\/wp\/v2\/pages\/31\/revisions\/861"}],"wp:attachment":[{"href":"https:\/\/jf-holding.de\/en\/wp-json\/wp\/v2\/media?parent=31"}],"curies":[{"name":"wp","href":"https:\/\/api.w.org\/{rel}","templated":true}]}}