{"id":628,"date":"2023-03-11T12:42:00","date_gmt":"2023-03-11T12:42:00","guid":{"rendered":"http:\/\/jf-holding.de\/?page_id=628"},"modified":"2023-04-19T13:16:11","modified_gmt":"2023-04-19T13:16:11","slug":"portfolio","status":"publish","type":"page","link":"https:\/\/jf-holding.de\/en\/portfolio\/","title":{"rendered":"Portfolio"},"content":{"rendered":"<div data-elementor-type=\"wp-page\" data-elementor-id=\"628\" class=\"elementor elementor-628\">\n\t\t\t\t<div class=\"elementor-element elementor-element-f14b92c e-flex e-con-boxed e-con e-parent\" data-id=\"f14b92c\" data-element_type=\"container\" data-settings=\"{&quot;background_background&quot;:&quot;classic&quot;}\">\n\t\t\t\t\t<div class=\"e-con-inner\">\n\t\t\t\t<div class=\"elementor-element elementor-element-067171a elementor-widget elementor-widget-heading\" data-id=\"067171a\" data-element_type=\"widget\" data-widget_type=\"heading.default\">\n\t\t\t\t<div class=\"elementor-widget-container\">\n\t\t\t\t\t<h2 class=\"elementor-heading-title elementor-size-default\">Portfolio<\/h2>\t\t\t\t<\/div>\n\t\t\t\t<\/div>\n\t\t\t\t\t<\/div>\n\t\t\t\t<\/div>\n\t\t<div class=\"elementor-element elementor-element-c20a1f1 e-flex e-con-boxed e-con e-parent\" data-id=\"c20a1f1\" data-element_type=\"container\">\n\t\t\t\t\t<div class=\"e-con-inner\">\n\t\t\t\t<div class=\"elementor-element elementor-element-cbe4e88 elementor-widget elementor-widget-text-editor\" data-id=\"cbe4e88\" data-element_type=\"widget\" data-widget_type=\"text-editor.default\">\n\t\t\t\t<div class=\"elementor-widget-container\">\n\t\t\t\t\t\t\t\t\t<p>Unsere Investitionen reichen beispielsweise von dem Kauf von Startups bis hin zur Fremdfinanzierung. Im Allgemeinen investieren wir in alle Phasen des Lebenszyklus eines Unternehmens, jedoch mit Fokus auf nicht b\u00f6rsennotierte Start-up Investitionen in Europa und den USA. Bei unserem Portfolio legen wir gro\u00dfen Wert auf Diversifizierung. F\u00fcr Investments in weltweite Hedgefonds und Venture Capital Fonds sind wir ebenfalls offen.<\/p>\t\t\t\t\t\t\t\t<\/div>\n\t\t\t\t<\/div>\n\t\t\t\t\t<\/div>\n\t\t\t\t<\/div>\n\t\t<div class=\"elementor-element elementor-element-cf9e06c e-flex e-con-boxed e-con e-parent\" data-id=\"cf9e06c\" data-element_type=\"container\">\n\t\t\t\t\t<div class=\"e-con-inner\">\n\t\t\t\t<div class=\"elementor-element elementor-element-412935d elementor-widget__width-initial elementor-widget elementor-widget-heading\" data-id=\"412935d\" data-element_type=\"widget\" data-widget_type=\"heading.default\">\n\t\t\t\t<div class=\"elementor-widget-container\">\n\t\t\t\t\t<h2 class=\"elementor-heading-title elementor-size-default\">OUR PORTFOLIO<\/h2>\t\t\t\t<\/div>\n\t\t\t\t<\/div>\n\t\t\t\t\t<\/div>\n\t\t\t\t<\/div>\n\t\t<div class=\"elementor-element elementor-element-2a91d7f e-flex e-con-boxed e-con e-parent\" data-id=\"2a91d7f\" data-element_type=\"container\" data-settings=\"{&quot;background_background&quot;:&quot;classic&quot;}\">\n\t\t\t\t\t<div class=\"e-con-inner\">\n\t\t<div class=\"elementor-element elementor-element-3d69d90 e-flex e-con-boxed elementor-invisible e-con e-parent\" data-id=\"3d69d90\" data-element_type=\"container\" data-settings=\"{&quot;animation&quot;:&quot;fadeInLeft&quot;}\">\n\t\t\t\t\t<div class=\"e-con-inner\">\n\t\t\t\t<div class=\"elementor-element elementor-element-ea2925f elementor-widget elementor-widget-heading\" data-id=\"ea2925f\" data-element_type=\"widget\" data-widget_type=\"heading.default\">\n\t\t\t\t<div class=\"elementor-widget-container\">\n\t\t\t\t\t<h2 class=\"elementor-heading-title elementor-size-default\">JF Consulting Real Estate GmbH<\/h2>\t\t\t\t<\/div>\n\t\t\t\t<\/div>\n\t\t<div class=\"elementor-element elementor-element-562ac10 e-flex e-con-boxed e-con e-parent\" data-id=\"562ac10\" data-element_type=\"container\" data-settings=\"{&quot;background_background&quot;:&quot;classic&quot;}\">\n\t\t\t\t\t<div class=\"e-con-inner\">\n\t\t\t\t<div class=\"elementor-element elementor-element-e98025e elementor-widget elementor-widget-image\" data-id=\"e98025e\" data-element_type=\"widget\" data-widget_type=\"image.default\">\n\t\t\t\t<div class=\"elementor-widget-container\">\n\t\t\t\t\t\t\t\t\t\t\t\t\t\t\t<img fetchpriority=\"high\" decoding=\"async\" width=\"768\" height=\"525\" src=\"https:\/\/jf-holding.de\/wp-content\/uploads\/2023\/04\/3-Kopie-768x525.webp\" class=\"attachment-medium_large size-medium_large wp-image-781\" alt=\"JF Holding Invest Partnerfirma JF Consulting Real Estate\" srcset=\"https:\/\/jf-holding.de\/wp-content\/uploads\/2023\/04\/3-Kopie-768x525.webp 768w, https:\/\/jf-holding.de\/wp-content\/uploads\/2023\/04\/3-Kopie-300x205.webp 300w, https:\/\/jf-holding.de\/wp-content\/uploads\/2023\/04\/3-Kopie-1024x700.webp 1024w, https:\/\/jf-holding.de\/wp-content\/uploads\/2023\/04\/3-Kopie-18x12.webp 18w, https:\/\/jf-holding.de\/wp-content\/uploads\/2023\/04\/3-Kopie-jpg.webp 1185w\" sizes=\"(max-width: 768px) 100vw, 768px\" \/>\t\t\t\t\t\t\t\t\t\t\t\t\t\t\t<\/div>\n\t\t\t\t<\/div>\n\t\t\t\t<div class=\"elementor-element elementor-element-363deca elementor-widget elementor-widget-text-editor\" data-id=\"363deca\" data-element_type=\"widget\" data-widget_type=\"text-editor.default\">\n\t\t\t\t<div class=\"elementor-widget-container\">\n\t\t\t\t\t\t\t\t\t<p>Vermittlung von Wohn-und Gewerbeimmobilien in ganz<br \/>property throughout Germany<\/p>\t\t\t\t\t\t\t\t<\/div>\n\t\t\t\t<\/div>\n\t\t\t\t<div class=\"elementor-element elementor-element-5e15ccb elementor-align-center elementor-widget elementor-widget-button\" data-id=\"5e15ccb\" data-element_type=\"widget\" data-widget_type=\"button.default\">\n\t\t\t\t<div class=\"elementor-widget-container\">\n\t\t\t\t\t\t\t\t\t<div class=\"elementor-button-wrapper\">\n\t\t\t\t\t<a class=\"elementor-button elementor-button-link elementor-size-sm\" href=\"https:\/\/www.jf-real-estate.com\/\">\n\t\t\t\t\t\t<span class=\"elementor-button-content-wrapper\">\n\t\t\t\t\t\t\t\t\t<span class=\"elementor-button-text\">MORE INFO<\/span>\n\t\t\t\t\t<\/span>\n\t\t\t\t\t<\/a>\n\t\t\t\t<\/div>\n\t\t\t\t\t\t\t\t<\/div>\n\t\t\t\t<\/div>\n\t\t\t\t\t<\/div>\n\t\t\t\t<\/div>\n\t\t\t\t\t<\/div>\n\t\t\t\t<\/div>\n\t\t<div class=\"elementor-element elementor-element-0b4f54c e-flex e-con-boxed elementor-invisible e-con e-parent\" data-id=\"0b4f54c\" data-element_type=\"container\" data-settings=\"{&quot;animation&quot;:&quot;fadeInDown&quot;}\">\n\t\t\t\t\t<div class=\"e-con-inner\">\n\t\t\t\t<div class=\"elementor-element elementor-element-302ce2c elementor-widget elementor-widget-heading\" data-id=\"302ce2c\" data-element_type=\"widget\" data-widget_type=\"heading.default\">\n\t\t\t\t<div class=\"elementor-widget-container\">\n\t\t\t\t\t<h2 class=\"elementor-heading-title elementor-size-default\">JF Project Invest GmbH<\/h2>\t\t\t\t<\/div>\n\t\t\t\t<\/div>\n\t\t<div class=\"elementor-element elementor-element-9030cb5 e-flex e-con-boxed e-con e-parent\" data-id=\"9030cb5\" data-element_type=\"container\" data-settings=\"{&quot;background_background&quot;:&quot;classic&quot;}\">\n\t\t\t\t\t<div class=\"e-con-inner\">\n\t\t\t\t<div class=\"elementor-element elementor-element-5bf6d82 elementor-widget elementor-widget-image\" data-id=\"5bf6d82\" data-element_type=\"widget\" data-widget_type=\"image.default\">\n\t\t\t\t<div class=\"elementor-widget-container\">\n\t\t\t\t\t\t\t\t\t\t\t\t\t\t\t<img decoding=\"async\" width=\"768\" height=\"525\" src=\"https:\/\/jf-holding.de\/wp-content\/uploads\/2023\/04\/1-Kopie-768x525.webp\" class=\"attachment-medium_large size-medium_large wp-image-779\" alt=\"JF Holding Invest Partnerfirma JF Project Invest\" srcset=\"https:\/\/jf-holding.de\/wp-content\/uploads\/2023\/04\/1-Kopie-768x525.webp 768w, https:\/\/jf-holding.de\/wp-content\/uploads\/2023\/04\/1-Kopie-300x205.webp 300w, https:\/\/jf-holding.de\/wp-content\/uploads\/2023\/04\/1-Kopie-1024x700.webp 1024w, https:\/\/jf-holding.de\/wp-content\/uploads\/2023\/04\/1-Kopie-18x12.webp 18w, https:\/\/jf-holding.de\/wp-content\/uploads\/2023\/04\/1-Kopie-jpg.webp 1185w\" sizes=\"(max-width: 768px) 100vw, 768px\" \/>\t\t\t\t\t\t\t\t\t\t\t\t\t\t\t<\/div>\n\t\t\t\t<\/div>\n\t\t\t\t<div class=\"elementor-element elementor-element-191aa7e elementor-widget elementor-widget-text-editor\" data-id=\"191aa7e\" data-element_type=\"widget\" data-widget_type=\"text-editor.default\">\n\t\t\t\t<div class=\"elementor-widget-container\">\n\t\t\t\t\t\t\t\t\t<p>Purchase of land and real estate for our own portfolio, for project development and for redevelopment<\/p>\t\t\t\t\t\t\t\t<\/div>\n\t\t\t\t<\/div>\n\t\t\t\t<div class=\"elementor-element elementor-element-ea01bf1 elementor-align-center elementor-widget elementor-widget-button\" data-id=\"ea01bf1\" data-element_type=\"widget\" data-widget_type=\"button.default\">\n\t\t\t\t<div class=\"elementor-widget-container\">\n\t\t\t\t\t\t\t\t\t<div class=\"elementor-button-wrapper\">\n\t\t\t\t\t<a class=\"elementor-button elementor-button-link elementor-size-sm\" href=\"https:\/\/www.jf-project.de\">\n\t\t\t\t\t\t<span class=\"elementor-button-content-wrapper\">\n\t\t\t\t\t\t\t\t\t<span class=\"elementor-button-text\">MORE INFO<\/span>\n\t\t\t\t\t<\/span>\n\t\t\t\t\t<\/a>\n\t\t\t\t<\/div>\n\t\t\t\t\t\t\t\t<\/div>\n\t\t\t\t<\/div>\n\t\t\t\t\t<\/div>\n\t\t\t\t<\/div>\n\t\t\t\t\t<\/div>\n\t\t\t\t<\/div>\n\t\t\t\t\t<\/div>\n\t\t\t\t<\/div>\n\t\t\t\t<\/div>","protected":false},"excerpt":{"rendered":"<p>Portfolio Unsere Investitionen reichen beispielsweise von dem Kauf von Startups bis hin zur Fremdfinanzierung. Im Allgemeinen investieren wir in alle Phasen des Lebenszyklus eines Unternehmens, jedoch mit Fokus auf nicht b\u00f6rsennotierte Start-up Investitionen in Europa und den USA. Bei unserem Portfolio legen wir gro\u00dfen Wert auf Diversifizierung. F\u00fcr Investments in weltweite Hedgefonds und Venture Capital [&hellip;]<\/p>","protected":false},"author":3,"featured_media":0,"parent":0,"menu_order":0,"comment_status":"closed","ping_status":"closed","template":"","meta":{"footnotes":""},"class_list":["post-628","page","type-page","status-publish","hentry"],"_links":{"self":[{"href":"https:\/\/jf-holding.de\/en\/wp-json\/wp\/v2\/pages\/628","targetHints":{"allow":["GET"]}}],"collection":[{"href":"https:\/\/jf-holding.de\/en\/wp-json\/wp\/v2\/pages"}],"about":[{"href":"https:\/\/jf-holding.de\/en\/wp-json\/wp\/v2\/types\/page"}],"author":[{"embeddable":true,"href":"https:\/\/jf-holding.de\/en\/wp-json\/wp\/v2\/users\/3"}],"replies":[{"embeddable":true,"href":"https:\/\/jf-holding.de\/en\/wp-json\/wp\/v2\/comments?post=628"}],"version-history":[{"count":31,"href":"https:\/\/jf-holding.de\/en\/wp-json\/wp\/v2\/pages\/628\/revisions"}],"predecessor-version":[{"id":815,"href":"https:\/\/jf-holding.de\/en\/wp-json\/wp\/v2\/pages\/628\/revisions\/815"}],"wp:attachment":[{"href":"https:\/\/jf-holding.de\/en\/wp-json\/wp\/v2\/media?parent=628"}],"curies":[{"name":"wp","href":"https:\/\/api.w.org\/{rel}","templated":true}]}}